{"id":7,"date":"2025-06-13T16:11:37","date_gmt":"2025-06-13T19:11:37","guid":{"rendered":"https:\/\/poolcover.com.uy\/?page_id=7"},"modified":"2026-03-04T12:35:42","modified_gmt":"2026-03-04T15:35:42","slug":"inicio","status":"publish","type":"page","link":"https:\/\/poolcover.com.uy\/","title":{"rendered":"Inicio"},"content":{"rendered":"\n<section class=\"seccion-video\">\n  <video autoplay muted loop playsinline preload=\"metadata\" poster=\"URL-DEL-POSTER.jpg\">\n    <source src=\"https:\/\/poolcover.com.uy\/wp-content\/uploads\/2025\/09\/Fondo.mp4\" type=\"video\/mp4\">\n    Tu navegador no soporta video HTML5.\n  <\/video>\n\n  <!-- Overlay opcional: t\u00edtulo encima del video -->\n  <div class=\"overlay\">\n    <div class=\"overlay-content\">\n      \n    <\/div>\n  <\/div>\n<\/section>\n\n\n\n<div class=\"wp-block-group alignfull is-layout-flow wp-block-group-is-layout-flow\" id=\"about\" style=\"padding-top:63px;padding-bottom:19px\"><\/div>\n\n\n\n<div class=\"wp-block-group is-layout-constrained wp-block-group-is-layout-constrained\">\n<figure class=\"wp-block-image alignright size-full is-resized\"><img loading=\"lazy\" decoding=\"async\" width=\"467\" height=\"408\" src=\"https:\/\/poolcover.com.uy\/wp-content\/uploads\/2025\/09\/Elefante-removebg-preview.png\" alt=\"\" class=\"wp-image-532\" style=\"width:230px;height:auto\" srcset=\"https:\/\/poolcover.com.uy\/wp-content\/uploads\/2025\/09\/Elefante-removebg-preview.png 467w, https:\/\/poolcover.com.uy\/wp-content\/uploads\/2025\/09\/Elefante-removebg-preview-300x262.png 300w\" sizes=\"auto, (max-width: 467px) 100vw, 467px\" \/><\/figure>\n\n\n\n<figure class=\"wp-block-image size-full is-resized\"><img loading=\"lazy\" decoding=\"async\" width=\"338\" height=\"153\" src=\"https:\/\/poolcover.com.uy\/wp-content\/uploads\/2025\/09\/outro-1.png\" alt=\"\" class=\"wp-image-533\" style=\"width:264px;height:auto\" srcset=\"https:\/\/poolcover.com.uy\/wp-content\/uploads\/2025\/09\/outro-1.png 338w, https:\/\/poolcover.com.uy\/wp-content\/uploads\/2025\/09\/outro-1-300x136.png 300w\" sizes=\"auto, (max-width: 338px) 100vw, 338px\" \/><\/figure>\n\n\n\n<div class=\"wp-block-group is-layout-constrained wp-block-group-is-layout-constrained\">\n<p class=\"has-medium-font-size\">PoolCover es una empresa nacida en Santa Fe, Argentina, con m\u00e1s de 7 a\u00f1os de trayectoria en el dise\u00f1o, fabricaci\u00f3n e instalaci\u00f3n de cobertores para piscinas. Desde nuestros comienzos, nos propusimos brindar soluciones pr\u00e1cticas, seguras y est\u00e9ticas para cuidar y proteger los espacios de agua, combinando tecnolog\u00eda, experiencia y atenci\u00f3n personalizada.<\/p>\n\n\n\n<p class=\"has-medium-font-size\">A lo largo de este tiempo, realizamos m\u00e1s de 3000 instalaciones en todo el pa\u00eds, posicion\u00e1ndonos como una de las marcas l\u00edderes del mercado argentino. Nuestro crecimiento constante se basa en la confianza de nuestros clientes, la calidad de los materiales que utilizamos y el compromiso de un equipo t\u00e9cnico que se capacita permanentemente.<\/p>\n\n\n\n<p class=\"has-medium-font-size\">En 2024, decidimos dar un paso m\u00e1s y desembarcar en Uruguay, para acercar nuestros productos y servicios a quienes tambi\u00e9n buscan seguridad, limpieza y durabilidad en el cuidado de sus piscinas. Llegamos con la misma filosof\u00eda: escuchar, asesorar, dise\u00f1ar a medida y garantizar un resultado final que supere las expectativas.<\/p>\n\n\n\n<p class=\"has-medium-font-size\">Con PoolCover, tu piscina est\u00e1 protegida\u2026 y vos, m\u00e1s tranquilo.<\/p>\n<\/div>\n<\/div>\n\n\n\n<hr class=\"wp-block-separator has-text-color has-ast-global-color-6-color has-alpha-channel-opacity has-ast-global-color-6-background-color has-background is-style-default\" style=\"margin-top:0;margin-bottom:0\"\/>\n\n\n\n<div class=\"wp-block-group alignfull is-layout-constrained wp-block-group-is-layout-constrained\" id=\"services\" style=\"padding-top:60px;padding-bottom:0px\">\n<h2 class=\"wp-block-heading has-text-align-center\">Nuestros Servicios<\/h2>\n\n\n\n<div class=\"wp-block-columns is-layout-flex wp-container-core-columns-is-layout-60cbf9bb wp-block-columns-is-layout-flex\" style=\"margin-top:50px\">\n<div class=\"wp-block-column is-layout-flow wp-container-core-column-is-layout-6b73ce23 wp-block-column-is-layout-flow\">\n<figure class=\"wp-block-gallery has-nested-images columns-default is-cropped wp-block-gallery-1 is-layout-flex wp-block-gallery-is-layout-flex\">\n<figure class=\"wp-block-image size-full has-custom-border\"><img loading=\"lazy\" decoding=\"async\" width=\"1920\" height=\"2560\" data-id=\"40\" src=\"https:\/\/poolcover.com.uy\/wp-content\/uploads\/2025\/06\/IMG_20250120_165037-1-scaled.jpg\" alt=\"\" class=\"wp-image-40\" style=\"border-width:3px;border-radius:16px\" srcset=\"https:\/\/poolcover.com.uy\/wp-content\/uploads\/2025\/06\/IMG_20250120_165037-1-scaled.jpg 1920w, https:\/\/poolcover.com.uy\/wp-content\/uploads\/2025\/06\/IMG_20250120_165037-1-225x300.jpg 225w, https:\/\/poolcover.com.uy\/wp-content\/uploads\/2025\/06\/IMG_20250120_165037-1-768x1024.jpg 768w, https:\/\/poolcover.com.uy\/wp-content\/uploads\/2025\/06\/IMG_20250120_165037-1-1152x1536.jpg 1152w, https:\/\/poolcover.com.uy\/wp-content\/uploads\/2025\/06\/IMG_20250120_165037-1-1536x2048.jpg 1536w\" sizes=\"auto, (max-width: 1920px) 100vw, 1920px\" \/><\/figure>\n<\/figure>\n\n\n\n<h3 class=\"wp-block-heading has-text-align-center\" style=\"margin-top:16px\">Visita personalizada<\/h3>\n\n\n\n<p>Nos acercamos al lugar donde se encuentra la piscina para conversar con el cliente, evaluar el espacio, tomar medidas y analizar las condiciones del entorno. La visita es sin costo y nos permite realizar un presupuesto preciso y adaptado a las necesidades reales de cada proyecto.<\/p>\n<\/div>\n\n\n\n<div class=\"wp-block-column is-layout-flow wp-container-core-column-is-layout-041cf6dc wp-block-column-is-layout-flow\" style=\"padding-top:0;padding-bottom:0\">\n<figure class=\"wp-block-image size-full has-custom-border\"><img loading=\"lazy\" decoding=\"async\" width=\"960\" height=\"1280\" src=\"https:\/\/poolcover.com.uy\/wp-content\/uploads\/2025\/06\/WhatsApp-Image-2025-06-11-at-12.18.43-2.jpeg\" alt=\"\" class=\"wp-image-42\" style=\"border-width:3px;border-radius:16px\" srcset=\"https:\/\/poolcover.com.uy\/wp-content\/uploads\/2025\/06\/WhatsApp-Image-2025-06-11-at-12.18.43-2.jpeg 960w, https:\/\/poolcover.com.uy\/wp-content\/uploads\/2025\/06\/WhatsApp-Image-2025-06-11-at-12.18.43-2-225x300.jpeg 225w, https:\/\/poolcover.com.uy\/wp-content\/uploads\/2025\/06\/WhatsApp-Image-2025-06-11-at-12.18.43-2-768x1024.jpeg 768w\" sizes=\"auto, (max-width: 960px) 100vw, 960px\" \/><\/figure>\n\n\n\n<h3 class=\"wp-block-heading has-text-align-center\" style=\"margin-top:16px\">Dise\u00f1o<\/h3>\n\n\n\n<p>Desarrollamos un dise\u00f1o personalizado del cobertor, teniendo en cuenta las dimensiones, el entorno y las necesidades espec\u00edficas de la piscina. As\u00ed garantizamos un resultado funcional, est\u00e9tico y totalmente a medida.<\/p>\n<\/div>\n\n\n\n<div class=\"wp-block-column is-layout-flow wp-container-core-column-is-layout-6b73ce23 wp-block-column-is-layout-flow\">\n<figure class=\"wp-block-image size-full has-custom-border\"><img loading=\"lazy\" decoding=\"async\" width=\"1920\" height=\"2560\" src=\"https:\/\/poolcover.com.uy\/wp-content\/uploads\/2025\/06\/IMG_20250123_194918-1-scaled.jpg\" alt=\"\" class=\"wp-image-41\" style=\"border-width:3px;border-radius:16px\" srcset=\"https:\/\/poolcover.com.uy\/wp-content\/uploads\/2025\/06\/IMG_20250123_194918-1-scaled.jpg 1920w, https:\/\/poolcover.com.uy\/wp-content\/uploads\/2025\/06\/IMG_20250123_194918-1-225x300.jpg 225w, https:\/\/poolcover.com.uy\/wp-content\/uploads\/2025\/06\/IMG_20250123_194918-1-768x1024.jpg 768w, https:\/\/poolcover.com.uy\/wp-content\/uploads\/2025\/06\/IMG_20250123_194918-1-1152x1536.jpg 1152w, https:\/\/poolcover.com.uy\/wp-content\/uploads\/2025\/06\/IMG_20250123_194918-1-1536x2048.jpg 1536w\" sizes=\"auto, (max-width: 1920px) 100vw, 1920px\" \/><\/figure>\n\n\n\n<h3 class=\"wp-block-heading has-text-align-center\" style=\"margin-top:16px\">Instalaci\u00f3n<\/h3>\n\n\n\n<p>Realizamos la instalaci\u00f3n del cobertor de forma r\u00e1pida y prolija, directamente en tu piscina. Nos encargamos de todo para que disfrutes el resultado sin complicaciones, con la tranquilidad de un trabajo bien hecho.<\/p>\n<\/div>\n<\/div>\n<\/div>\n\n\n\n<pre class=\"wp-block-verse has-white-background-color has-background\"><\/pre>\n\n\n\n<hr class=\"wp-block-separator has-alpha-channel-opacity\" style=\"margin-bottom:var(--wp--preset--spacing--60)\"\/>\n\n\n\n<h2 class=\"wp-block-heading has-text-align-center\" id=\"instalaciones\" style=\"border-style:none;border-width:0px;padding-top:var(--wp--preset--spacing--40);padding-bottom:var(--wp--preset--spacing--70)\">Instalaciones<\/h2>\n\n\n\n\n\n\n<hr class=\"wp-block-separator has-alpha-channel-opacity\" style=\"margin-top:100px;margin-bottom:73px\"\/>\n\n\n\n<h2 class=\"wp-block-heading has-text-align-center\"><strong>Como medir mi piscina<\/strong><\/h2>\n\n\n\n<figure class=\"wp-block-image aligncenter size-large\" id=\"medidas\" style=\"margin-top:var(--wp--preset--spacing--40);margin-bottom:var(--wp--preset--spacing--40)\"><img loading=\"lazy\" decoding=\"async\" width=\"1024\" height=\"716\" src=\"https:\/\/poolcover.com.uy\/wp-content\/uploads\/2026\/03\/medidas-piscina1-1024x716.png\" alt=\"\" class=\"wp-image-648\" srcset=\"https:\/\/poolcover.com.uy\/wp-content\/uploads\/2026\/03\/medidas-piscina1-1024x716.png 1024w, https:\/\/poolcover.com.uy\/wp-content\/uploads\/2026\/03\/medidas-piscina1-300x210.png 300w, https:\/\/poolcover.com.uy\/wp-content\/uploads\/2026\/03\/medidas-piscina1-768x537.png 768w, https:\/\/poolcover.com.uy\/wp-content\/uploads\/2026\/03\/medidas-piscina1.png 1350w\" sizes=\"auto, (max-width: 1024px) 100vw, 1024px\" \/><\/figure>\n\n\n\n<hr class=\"wp-block-separator has-alpha-channel-opacity\" style=\"margin-top:var(--wp--preset--spacing--70);margin-bottom:var(--wp--preset--spacing--60)\"\/>\n\n\n\n<h2 class=\"wp-block-heading has-text-align-center\" id=\"funcionamiento\" style=\"padding-top:0;padding-bottom:0\"><strong>C\u00f3mo cubrir y descubrir la piscina<\/strong><\/h2>\n\n\n\n\n\n\n\n\n<div style=\"height:100px\" aria-hidden=\"true\" class=\"wp-block-spacer\"><\/div>\n\n\n\n<p><\/p>\n\n\n\n\n\n<p><\/p>\n","protected":false},"excerpt":{"rendered":"<p>Tu navegador no soporta video HTML5. PoolCover es una empresa nacida en Santa Fe, Argentina, con m\u00e1s de 7 a\u00f1os [&hellip;]<\/p>\n","protected":false},"author":1,"featured_media":0,"parent":0,"menu_order":0,"comment_status":"closed","ping_status":"closed","template":"","meta":{"site-sidebar-layout":"no-sidebar","site-content-layout":"plain-container","ast-site-content-layout":"","site-content-style":"default","site-sidebar-style":"default","ast-global-header-display":"","ast-banner-title-visibility":"","ast-main-header-display":"","ast-hfb-above-header-display":"","ast-hfb-below-header-display":"","ast-hfb-mobile-header-display":"","site-post-title":"disabled","ast-breadcrumbs-content":"","ast-featured-img":"","footer-sml-layout":"","theme-transparent-header-meta":"enabled","adv-header-id-meta":"","stick-header-meta":"","header-above-stick-meta":"","header-main-stick-meta":"","header-below-stick-meta":"","astra-migrate-meta-layouts":"default","ast-page-background-enabled":"default","ast-page-background-meta":{"desktop":{"background-color":"var(--ast-global-color-5)","background-image":"","background-repeat":"repeat","background-position":"center center","background-size":"auto","background-attachment":"scroll","background-type":"","background-media":"","overlay-type":"","overlay-color":"","overlay-opacity":"","overlay-gradient":""},"tablet":{"background-color":"","background-image":"","background-repeat":"repeat","background-position":"center center","background-size":"auto","background-attachment":"scroll","background-type":"","background-media":"","overlay-type":"","overlay-color":"","overlay-opacity":"","overlay-gradient":""},"mobile":{"background-color":"","background-image":"","background-repeat":"repeat","background-position":"center center","background-size":"auto","background-attachment":"scroll","background-type":"","background-media":"","overlay-type":"","overlay-color":"","overlay-opacity":"","overlay-gradient":""}},"ast-content-background-meta":{"desktop":{"background-color":"var(--ast-global-color-4)","background-image":"","background-repeat":"repeat","background-position":"center center","background-size":"auto","background-attachment":"scroll","background-type":"","background-media":"","overlay-type":"","overlay-color":"","overlay-opacity":"","overlay-gradient":""},"tablet":{"background-color":"var(--ast-global-color-4)","background-image":"","background-repeat":"repeat","background-position":"center center","background-size":"auto","background-attachment":"scroll","background-type":"","background-media":"","overlay-type":"","overlay-color":"","overlay-opacity":"","overlay-gradient":""},"mobile":{"background-color":"var(--ast-global-color-4)","background-image":"","background-repeat":"repeat","background-position":"center center","background-size":"auto","background-attachment":"scroll","background-type":"","background-media":"","overlay-type":"","overlay-color":"","overlay-opacity":"","overlay-gradient":""}},"footnotes":""},"class_list":["post-7","page","type-page","status-publish","hentry"],"_links":{"self":[{"href":"https:\/\/poolcover.com.uy\/index.php?rest_route=\/wp\/v2\/pages\/7","targetHints":{"allow":["GET"]}}],"collection":[{"href":"https:\/\/poolcover.com.uy\/index.php?rest_route=\/wp\/v2\/pages"}],"about":[{"href":"https:\/\/poolcover.com.uy\/index.php?rest_route=\/wp\/v2\/types\/page"}],"author":[{"embeddable":true,"href":"https:\/\/poolcover.com.uy\/index.php?rest_route=\/wp\/v2\/users\/1"}],"replies":[{"embeddable":true,"href":"https:\/\/poolcover.com.uy\/index.php?rest_route=%2Fwp%2Fv2%2Fcomments&post=7"}],"version-history":[{"count":193,"href":"https:\/\/poolcover.com.uy\/index.php?rest_route=\/wp\/v2\/pages\/7\/revisions"}],"predecessor-version":[{"id":651,"href":"https:\/\/poolcover.com.uy\/index.php?rest_route=\/wp\/v2\/pages\/7\/revisions\/651"}],"wp:attachment":[{"href":"https:\/\/poolcover.com.uy\/index.php?rest_route=%2Fwp%2Fv2%2Fmedia&parent=7"}],"curies":[{"name":"wp","href":"https:\/\/api.w.org\/{rel}","templated":true}]}}