{"id":172,"date":"2025-06-30T12:47:40","date_gmt":"2025-06-30T15:47:40","guid":{"rendered":"https:\/\/poolcover.com.uy\/?page_id=172"},"modified":"2026-03-02T17:54:33","modified_gmt":"2026-03-02T20:54:33","slug":"preguntas-frecuentes","status":"publish","type":"page","link":"https:\/\/poolcover.com.uy\/?page_id=172","title":{"rendered":"Preguntas Frecuentes"},"content":{"rendered":"\n<h2 class=\"wp-block-heading has-text-align-center\"><\/h2>\n\n\n\n<figure class=\"wp-block-table is-style-stripes has-medium-font-size\"><table class=\"has-ast-global-color-5-color has-cyan-bluish-gray-background-color has-text-color has-background has-link-color has-border-color has-fixed-layout\" style=\"border-color:#54849e;border-style:solid;border-width:2px\"><thead><tr><th>Preguntas<\/th><th>Respuestas<\/th><\/tr><\/thead><tbody><tr><td>\u00bfQui\u00e9n realiza la instalaci\u00f3n?<\/td><td>La instalaci\u00f3n la realizamos nosotros mismo, con nuestros equipos PoolCover<\/td><\/tr><tr><td>\u00bfcuanto demora la instalaci\u00f3n?<\/td><td>La instalaci\u00f3n demora aproximadamente entre 1 y 2 horas, dependiendo de las dimensiones y las caracter\u00edsticas de la piscina<\/td><\/tr><tr><td>\u00bfComo pido presupuesto?<\/td><td>Nos escribis con las medidas de tu piscina (en el boton de wsp que se encuentra aca abajo a la derecha) y a la brevedad te respondemos<\/td><\/tr><tr><td>\u00bfEl cobertor es seguro para ni\u00f1os y mascotas?<\/td><td>Claro, lo mas importante del covertor es la seguridad, 100% seguro para ni\u00f1os y mascotas.<\/td><\/tr><tr><td>\u00bfAyuda a mantener el agua limpia?<\/td><td>Si, no solo  mantiene mucho mas tiempo el agua limpia, sino que tambi\u00e9n evita el 70% de la evaporaci\u00f3n y en el a\u00f1o usas 50% menos de producto, o sea&#8230; ahorro por donde se lo mire.<\/td><\/tr><tr><td>\u00bfSe abre y cierra facilmente?<\/td><td>Si, una sola persona sin hacer mucho esfuerzo puede abrir y cerrar el covertor sin ningun problema en cuestion de minutos<\/td><\/tr><tr><td>\u00bfC\u00f3mo se toman las medidas?<\/td><td>las medidas se toman de borde interno de piscina a borde interno, tanto a lo largo como a lo ancho<\/td><\/tr><tr><td>\u00bfLlegan a todo el pais?<\/td><td>si, LLEGAMOS A TODO EL PAIS.  Nuestro dep\u00f3sito se encuentra en Montevideo. Ofrecemos instalaci\u00f3n personalizada a cieras zonas y en los demas casos realizamos env\u00edo a domicilio el covertor con su respectivo kit de instalci\u00f3n y videoinstructivo.<\/td><\/tr><tr><td>\u00bfSe puede elegir el color?<\/td><td>si claro, tenes una amplia gama de paleta de colores para elegir<\/td><\/tr><tr><td>\u00bfQu\u00e9 pasa si se acumula agua de lluvia?<\/td><td>Nada! el covertoor soporta hasta 200kg aproximadamente, y viene con una bomba de achique para retirar el agua cada vez que llueve.<\/td><\/tr><tr><td>\u00bfCu\u00e1nto tiempo dura la lona?<\/td><td>Con un poco de mantenimiento de limpieza la lona te puede durar hasta 6 a\u00f1os<\/td><\/tr><tr><td>\u00bfEl cobertor sirve para todo el a\u00f1o?<\/td><td>Si, el covertor es para todo el a\u00f1o!<br><\/td><\/tr><\/tbody><\/table><\/figure>\n","protected":false},"excerpt":{"rendered":"<p>Preguntas Respuestas \u00bfQui\u00e9n realiza la instalaci\u00f3n? La instalaci\u00f3n la realizamos nosotros mismo, con nuestros equipos PoolCover \u00bfcuanto demora la instalaci\u00f3n? [&hellip;]<\/p>\n","protected":false},"author":1,"featured_media":0,"parent":0,"menu_order":0,"comment_status":"closed","ping_status":"closed","template":"","meta":{"site-sidebar-layout":"default","site-content-layout":"","ast-site-content-layout":"","site-content-style":"default","site-sidebar-style":"default","ast-global-header-display":"","ast-banner-title-visibility":"","ast-main-header-display":"","ast-hfb-above-header-display":"","ast-hfb-below-header-display":"","ast-hfb-mobile-header-display":"","site-post-title":"","ast-breadcrumbs-content":"","ast-featured-img":"","footer-sml-layout":"","theme-transparent-header-meta":"","adv-header-id-meta":"","stick-header-meta":"","header-above-stick-meta":"","header-main-stick-meta":"","header-below-stick-meta":"","astra-migrate-meta-layouts":"default","ast-page-background-enabled":"default","ast-page-background-meta":{"desktop":{"background-color":"var(--ast-global-color-5)","background-image":"","background-repeat":"repeat","background-position":"center center","background-size":"auto","background-attachment":"scroll","background-type":"","background-media":"","overlay-type":"","overlay-color":"","overlay-opacity":"","overlay-gradient":""},"tablet":{"background-color":"","background-image":"","background-repeat":"repeat","background-position":"center center","background-size":"auto","background-attachment":"scroll","background-type":"","background-media":"","overlay-type":"","overlay-color":"","overlay-opacity":"","overlay-gradient":""},"mobile":{"background-color":"","background-image":"","background-repeat":"repeat","background-position":"center center","background-size":"auto","background-attachment":"scroll","background-type":"","background-media":"","overlay-type":"","overlay-color":"","overlay-opacity":"","overlay-gradient":""}},"ast-content-background-meta":{"desktop":{"background-color":"var(--ast-global-color-4)","background-image":"","background-repeat":"repeat","background-position":"center center","background-size":"auto","background-attachment":"scroll","background-type":"","background-media":"","overlay-type":"","overlay-color":"","overlay-opacity":"","overlay-gradient":""},"tablet":{"background-color":"var(--ast-global-color-4)","background-image":"","background-repeat":"repeat","background-position":"center center","background-size":"auto","background-attachment":"scroll","background-type":"","background-media":"","overlay-type":"","overlay-color":"","overlay-opacity":"","overlay-gradient":""},"mobile":{"background-color":"var(--ast-global-color-4)","background-image":"","background-repeat":"repeat","background-position":"center center","background-size":"auto","background-attachment":"scroll","background-type":"","background-media":"","overlay-type":"","overlay-color":"","overlay-opacity":"","overlay-gradient":""}},"footnotes":""},"class_list":["post-172","page","type-page","status-publish","hentry"],"_links":{"self":[{"href":"https:\/\/poolcover.com.uy\/index.php?rest_route=\/wp\/v2\/pages\/172","targetHints":{"allow":["GET"]}}],"collection":[{"href":"https:\/\/poolcover.com.uy\/index.php?rest_route=\/wp\/v2\/pages"}],"about":[{"href":"https:\/\/poolcover.com.uy\/index.php?rest_route=\/wp\/v2\/types\/page"}],"author":[{"embeddable":true,"href":"https:\/\/poolcover.com.uy\/index.php?rest_route=\/wp\/v2\/users\/1"}],"replies":[{"embeddable":true,"href":"https:\/\/poolcover.com.uy\/index.php?rest_route=%2Fwp%2Fv2%2Fcomments&post=172"}],"version-history":[{"count":21,"href":"https:\/\/poolcover.com.uy\/index.php?rest_route=\/wp\/v2\/pages\/172\/revisions"}],"predecessor-version":[{"id":643,"href":"https:\/\/poolcover.com.uy\/index.php?rest_route=\/wp\/v2\/pages\/172\/revisions\/643"}],"wp:attachment":[{"href":"https:\/\/poolcover.com.uy\/index.php?rest_route=%2Fwp%2Fv2%2Fmedia&parent=172"}],"curies":[{"name":"wp","href":"https:\/\/api.w.org\/{rel}","templated":true}]}}